    {"id":5,"date":"2025-10-29T16:03:19","date_gmt":"2025-10-29T16:03:19","guid":{"rendered":"https:\/\/searchcreditsnow.com\/?page_id=5"},"modified":"2025-10-29T16:03:19","modified_gmt":"2025-10-29T16:03:19","slug":"about","status":"publish","type":"page","link":"https:\/\/searchcreditsnow.com\/pt\/about\/","title":{"rendered":"Sobre"},"content":{"rendered":"<p><strong><br><\/strong><strong>Conhecimento financeiro que te ajuda a progredir<\/strong><\/p>\n\n\n\n<p>As decis\u00f5es financeiras moldam momentos importantes da vida, desde a obten\u00e7\u00e3o do primeiro cart\u00e3o de cr\u00e9dito at\u00e9 a constru\u00e7\u00e3o de um futuro financeiro s\u00f3lido. No entanto, informa\u00e7\u00f5es confi\u00e1veis muitas vezes v\u00eam envoltas em termos confusos, requisitos complicados e promessas de marketing pouco claras. O Search Credits Now existe para que voc\u00ea nunca se sinta perdido nesse processo.<\/p>\n\n\n\n<p>Trazemos clareza ao mundo financeiro por meio de artigos pr\u00e1ticos que explicam como diferentes produtos funcionam, quais benef\u00edcios s\u00e3o importantes e onde voc\u00ea pode encontrar informa\u00e7\u00f5es oficiais. Voc\u00ea merece a oportunidade de comparar op\u00e7\u00f5es, entender os riscos e tomar sua pr\u00f3xima decis\u00e3o se sentindo informado, e n\u00e3o pressionado. \u00c9 por isso que nos concentramos em explica\u00e7\u00f5es acess\u00edveis, perguntas reais de consumidores e nas informa\u00e7\u00f5es que voc\u00ea realmente quer saber.<\/p>\n\n\n\n<p>Seja voc\u00ea algu\u00e9m curioso sobre como construir cr\u00e9dito ou simplesmente algu\u00e9m em busca de maneiras mais inteligentes de administrar as finan\u00e7as do dia a dia, nosso objetivo \u00e9 apoiar esse aprendizado com conte\u00fado confi\u00e1vel e bem fundamentado.<\/p>\n\n\n\n<h2 class=\"wp-block-heading\">Nosso compromisso com voc\u00ea<\/h2>\n\n\n\n<p>Voc\u00ea deve se sentir confiante \u2014 e n\u00e3o inseguro \u2014 ao explorar ferramentas financeiras, e levamos a s\u00e9rio nossa responsabilidade de apoi\u00e1-lo. Tudo o que \u00e9 publicado no Search Credits Now segue uma filosofia simples: informar primeiro, orientar com responsabilidade e respeitar sua independ\u00eancia.<\/p>\n\n\n\n<p>Nossa equipe pesquisa fornecedores oficiais e dados dispon\u00edveis publicamente antes de qualquer informa\u00e7\u00e3o ser publicada no site. Traduzimos o jarg\u00e3o financeiro para uma linguagem acess\u00edvel e explicamos os detalhes para que voc\u00ea entenda o que \u00e9 \u00fatil, o que deve ser considerado com aten\u00e7\u00e3o e quais perguntas fazer em seguida. Voc\u00ea sempre saber\u00e1 a origem das nossas informa\u00e7\u00f5es e ser\u00e1 sempre incentivado a consultar fontes oficiais antes de tomar qualquer decis\u00e3o.<\/p>\n\n\n\n<p>O melhor de tudo \u00e9 que voc\u00ea pode entrar em contato a qualquer momento. O feedback nos ajuda a crescer, atualizar o conte\u00fado rapidamente e entender melhor o que \u00e9 mais importante para leitores como voc\u00ea. Ao compartilhar sua perspectiva, voc\u00ea ajuda a moldar uma plataforma criada para a verdadeira curiosidade financeira.<\/p>\n\n\n\n<h2 class=\"wp-block-heading\">O que voc\u00ea descobrir\u00e1 aqui<\/h2>\n\n\n\n<p>O Search Credits Now publica conte\u00fado bem estruturado em diferentes \u00e1reas das finan\u00e7as pessoais. Cada t\u00f3pico visa responder a perguntas reais de leitores como voc\u00ea.<\/p>\n\n\n\n<p>Voc\u00ea pode esperar artigos sobre:<\/p>\n\n\n\n<p><strong>Cart\u00f5es de cr\u00e9dito, limites e uso respons\u00e1vel.<\/strong><\/p>\n\n\n\n<p>Abordamos benef\u00edcios como cashback e recompensas, al\u00e9m de taxas e implica\u00e7\u00f5es na pontua\u00e7\u00e3o de cr\u00e9dito, ajudando voc\u00ea a entender como cada cart\u00e3o funciona antes de solicit\u00e1-lo.<\/p>\n\n\n\n<p><strong>No\u00e7\u00f5es b\u00e1sicas de empr\u00e9stimos e financiamento<\/strong><\/p>\n\n\n\n<p>Desde empr\u00e9stimos parcelados at\u00e9 aux\u00edlio para despesas inesperadas, oferecemos estruturas simples para comparar op\u00e7\u00f5es e ler atentamente os termos oficiais.<\/p>\n\n\n\n<p><strong>Servi\u00e7os banc\u00e1rios e ferramentas digitais<\/strong><\/p>\n\n\n\n<p>Funcionalidades do banco online, dicas de seguran\u00e7a e maneiras de gerenciar o dinheiro com mais efici\u00eancia constituem uma parte importante de nossas orienta\u00e7\u00f5es.<\/p>\n\n\n\n<p><strong>Pontua\u00e7\u00e3o de cr\u00e9dito e bem-estar financeiro<\/strong><\/p>\n\n\n\n<p>Voc\u00ea aprender\u00e1 por que sua pontua\u00e7\u00e3o \u00e9 importante, como ela \u00e9 calculada e quais h\u00e1bitos podem ajudar a melhor\u00e1-la ou proteg\u00ea-la ao longo do tempo.<\/p>\n\n\n\n<p>Cada guia se concentra em fatos, conscientiza\u00e7\u00e3o do consumidor e detalhes verificados. Voc\u00ea mant\u00e9m o controle, com informa\u00e7\u00f5es confi\u00e1veis ao seu alcance.<br><\/p>\n\n\n\n<h2 class=\"wp-block-heading\">Monetiza\u00e7\u00e3o e Transpar\u00eancia<\/h2>\n\n\n\n<p>O Search Credits Now continua gratuito e acess\u00edvel a todos os leitores porque utilizamos sistemas automatizados de publicidade, como o Google AdSense, para custear nossas despesas operacionais. Manter uma plataforma com pesquisa, reda\u00e7\u00e3o e atualiza\u00e7\u00f5es de qualidade exige recursos, e a publicidade nos ajuda a sustentar esse trabalho sem cobrar nada de voc\u00ea.<\/p>\n\n\n\n<p>Esses an\u00fancios nunca decidem o que escrevemos, quem mencionamos ou como nossos artigos s\u00e3o estruturados. A independ\u00eancia editorial \u00e9 um princ\u00edpio fundamental aqui. N\u00e3o aceitamos an\u00fancios pagos, promo\u00e7\u00e3o de produtos patrocinados ou compensa\u00e7\u00e3o em troca de cobertura positiva. Voc\u00ea pode ter certeza de que as informa\u00e7\u00f5es s\u00e3o fruto de pesquisa, n\u00e3o de anunciantes.<\/p>\n\n\n\n<p>Seus dados de navega\u00e7\u00e3o nunca s\u00e3o vendidos por n\u00f3s. Qualquer segmenta\u00e7\u00e3o de an\u00fancios \u00e9 realizada por sistemas automatizados fora do nosso controle e n\u00e3o influencia nossas escolhas editoriais.<\/p>\n\n\n\n<h2 class=\"wp-block-heading\">Aviso Legal<\/h2>\n\n\n\n<p>O Search Credits Now funciona exclusivamente como um portal informativo. N\u00e3o somos uma institui\u00e7\u00e3o financeira, credor, provedor de cr\u00e9dito, consultor ou corretor. N\u00e3o oferecemos produtos ou servi\u00e7os financeiros e n\u00e3o facilitamos solicita\u00e7\u00f5es.<\/p>\n\n\n\n<p>Compartilhamos informa\u00e7\u00f5es dispon\u00edveis publicamente em fontes oficiais para ajudar voc\u00ea a entender as op\u00e7\u00f5es dispon\u00edveis. No entanto, os produtos est\u00e3o em constante evolu\u00e7\u00e3o:<\/p>\n\n\n\n<p>T\u00edtulos, pacotes, funcionalidades e condi\u00e7\u00f5es de elegibilidade podem ser alterados ou removidos pelas empresas respons\u00e1veis.<\/p>\n\n\n\n<p>Por causa disso:<\/p>\n\n\n\n<ul>\n<li>N\u00e3o garantimos a disponibilidade cont\u00ednua, a exatid\u00e3o ou a integridade dos an\u00fancios em nosso site.<\/li>\n\n\n\n<li>N\u00e3o nos responsabilizamos por altera\u00e7\u00f5es, remo\u00e7\u00f5es, atualiza\u00e7\u00f5es de pre\u00e7os ou modifica\u00e7\u00f5es de pol\u00edticas realizadas pelos fornecedores.<\/li>\n<\/ul>\n\n\n\n<p>Se voc\u00ea notar alguma informa\u00e7\u00e3o desatualizada ou pouco clara, agradecemos que entre em contato para que possamos revisar e corrigir as informa\u00e7\u00f5es prontamente. Voc\u00ea merece orienta\u00e7\u00f5es precisas, e as melhorias cont\u00ednuas dependem da colabora\u00e7\u00e3o do nosso p\u00fablico.<\/p>\n\n\n\n<h2 class=\"wp-block-heading\">Direitos autorais e propriedade intelectual<\/h2>\n\n\n\n<p>Todo o conte\u00fado criado e publicado pela Search Credits Now \u2014 nossos textos, design e elementos originais da p\u00e1gina \u2014 est\u00e1 protegido por direitos autorais. Voc\u00ea pode ler, compartilhar links e referenciar nosso trabalho, desde que d\u00ea os devidos cr\u00e9ditos, mas a reprodu\u00e7\u00e3o ou distribui\u00e7\u00e3o do conte\u00fado original sem permiss\u00e3o \u00e9 proibida.<\/p>\n\n\n\n<p>Respeitamos tamb\u00e9m os direitos de terceiros. Logotipos, marcas registradas, imagens e nomes de marcas mencionados em nosso conte\u00fado pertencem exclusivamente aos seus respectivos propriet\u00e1rios. Elementos de terceiros aqui referenciados s\u00e3o utilizados unicamente para fins informativos, em conformidade com os padr\u00f5es editoriais e os princ\u00edpios de uso justo.<\/p>\n\n\n\n<p>Se voc\u00ea acredita que o conte\u00fado do Search Credits Now afeta seus direitos de propriedade intelectual, por favor, <a href=\"https:\/\/searchcreditsnow.com\/pt\/contact\/\">Contate-nos<\/a> Assim, poderemos analisar a quest\u00e3o e tomar medidas corretivas de forma r\u00e1pida e respeitosa.<\/p>\n\n\n\n<h2 class=\"wp-block-heading\">Mantendo-nos fi\u00e9is \u00e0 nossa miss\u00e3o.<\/h2>\n\n\n\n<p>As finan\u00e7as influenciam o dia a dia, desde os planos para o fim de semana at\u00e9 a estabilidade a longo prazo. Nossa miss\u00e3o \u00e9 tornar as informa\u00e7\u00f5es que embasam essas decis\u00f5es mais f\u00e1ceis de entender, mais transparentes e sempre ao seu alcance.<\/p>\n\n\n\n<p>O Search Credits Now est\u00e1 aqui para lhe fornecer conhecimento, nunca press\u00e3o. Atrav\u00e9s de cada artigo que publicamos, buscamos apoiar a tomada de decis\u00f5es respons\u00e1veis e a conscientiza\u00e7\u00e3o financeira que cresce ao longo do tempo. Agradecemos a sua confian\u00e7a e esperamos ser uma parte \u00fatil da sua jornada de aprendizado financeiro.<\/p>","protected":false},"excerpt":{"rendered":"<p>Conhecimento financeiro que te ajuda a progredir. Decis\u00f5es financeiras moldam momentos importantes da vida, desde a obten\u00e7\u00e3o do primeiro cart\u00e3o de cr\u00e9dito at\u00e9 a constru\u00e7\u00e3o de um futuro financeiro s\u00f3lido. No entanto, informa\u00e7\u00f5es confi\u00e1veis muitas vezes v\u00eam envoltas em termos confusos, requisitos complicados e promessas de marketing pouco claras. O Search Credits Now existe para que voc\u00ea nunca se sinta perdido nesse processo. N\u00f3s trazemos [\u2026]<\/p>","protected":false},"author":96,"featured_media":0,"parent":0,"menu_order":0,"comment_status":"closed","ping_status":"closed","template":"","meta":{"footnotes":""},"yoast_head":"<!-- This site is optimized with the Yoast SEO plugin v23.3 - https:\/\/yoast.com\/wordpress\/plugins\/seo\/ -->\n<title>About - Search Credits Now<\/title>\n<meta name=\"robots\" content=\"index, follow, max-snippet:-1, max-image-preview:large, max-video-preview:-1\" \/>\n<link rel=\"canonical\" href=\"https:\/\/searchcreditsnow.com\/pt\/about\/\" \/>\n<meta property=\"og:locale\" content=\"pt_BR\" \/>\n<meta property=\"og:type\" content=\"article\" \/>\n<meta property=\"og:title\" content=\"About - Search Credits Now\" \/>\n<meta property=\"og:description\" content=\"Financial Knowledge That Helps You Move Forward Money decisions shape major moments in life, from getting your first credit card to building a strong financial future. Yet reliable information often comes wrapped in confusing terms, complicated requirements, and unclear marketing claims. Search Credits Now exists so you never feel lost in that process. We bring [&hellip;]\" \/>\n<meta property=\"og:url\" content=\"https:\/\/searchcreditsnow.com\/pt\/about\/\" \/>\n<meta property=\"og:site_name\" content=\"Search Credits Now\" \/>\n<meta name=\"twitter:card\" content=\"summary_large_image\" \/>\n<meta name=\"twitter:label1\" content=\"Est. reading time\" \/>\n\t<meta name=\"twitter:data1\" content=\"5 minutos\" \/>\n<script type=\"application\/ld+json\" class=\"yoast-schema-graph\">{\"@context\":\"https:\/\/schema.org\",\"@graph\":[{\"@type\":\"WebPage\",\"@id\":\"https:\/\/searchcreditsnow.com\/about\/\",\"url\":\"https:\/\/searchcreditsnow.com\/about\/\",\"name\":\"About - Search Credits Now\",\"isPartOf\":{\"@id\":\"https:\/\/searchcreditsnow.com\/#website\"},\"datePublished\":\"2025-10-29T16:03:19+00:00\",\"dateModified\":\"2025-10-29T16:03:19+00:00\",\"breadcrumb\":{\"@id\":\"https:\/\/searchcreditsnow.com\/about\/#breadcrumb\"},\"inLanguage\":\"pt-BR\",\"potentialAction\":[{\"@type\":\"ReadAction\",\"target\":[\"https:\/\/searchcreditsnow.com\/about\/\"]}]},{\"@type\":\"BreadcrumbList\",\"@id\":\"https:\/\/searchcreditsnow.com\/about\/#breadcrumb\",\"itemListElement\":[{\"@type\":\"ListItem\",\"position\":1,\"name\":\"Home\",\"item\":\"https:\/\/searchcreditsnow.com\/\"},{\"@type\":\"ListItem\",\"position\":2,\"name\":\"About\"}]},{\"@type\":\"WebSite\",\"@id\":\"https:\/\/searchcreditsnow.com\/#website\",\"url\":\"https:\/\/searchcreditsnow.com\/\",\"name\":\"Search Credits Now\",\"description\":\"\",\"publisher\":{\"@id\":\"https:\/\/searchcreditsnow.com\/#organization\"},\"potentialAction\":[{\"@type\":\"SearchAction\",\"target\":{\"@type\":\"EntryPoint\",\"urlTemplate\":\"https:\/\/searchcreditsnow.com\/?s={search_term_string}\"},\"query-input\":\"required name=search_term_string\"}],\"inLanguage\":\"pt-BR\"},{\"@type\":\"Organization\",\"@id\":\"https:\/\/searchcreditsnow.com\/#organization\",\"name\":\"Search Credits Now\",\"url\":\"https:\/\/searchcreditsnow.com\/\",\"logo\":{\"@type\":\"ImageObject\",\"inLanguage\":\"pt-BR\",\"@id\":\"https:\/\/searchcreditsnow.com\/#\/schema\/logo\/image\/\",\"url\":\"https:\/\/searchcreditsnow.com\/wp-content\/uploads\/sites\/652\/2026\/03\/Search-Credit-Now.jpg\",\"contentUrl\":\"https:\/\/searchcreditsnow.com\/wp-content\/uploads\/sites\/652\/2026\/03\/Search-Credit-Now.jpg\",\"width\":2000,\"height\":2000,\"caption\":\"Search Credits Now\"},\"image\":{\"@id\":\"https:\/\/searchcreditsnow.com\/#\/schema\/logo\/image\/\"}}]}<\/script>\n<!-- \/ Yoast SEO plugin. -->","yoast_head_json":{"title":"About - Search Credits Now","robots":{"index":"index","follow":"follow","max-snippet":"max-snippet:-1","max-image-preview":"max-image-preview:large","max-video-preview":"max-video-preview:-1"},"canonical":"https:\/\/searchcreditsnow.com\/pt\/about\/","og_locale":"pt_BR","og_type":"article","og_title":"About - Search Credits Now","og_description":"Financial Knowledge That Helps You Move Forward Money decisions shape major moments in life, from getting your first credit card to building a strong financial future. Yet reliable information often comes wrapped in confusing terms, complicated requirements, and unclear marketing claims. Search Credits Now exists so you never feel lost in that process. We bring [&hellip;]","og_url":"https:\/\/searchcreditsnow.com\/pt\/about\/","og_site_name":"Search Credits Now","twitter_card":"summary_large_image","twitter_misc":{"Est. reading time":"5 minutos"},"schema":{"@context":"https:\/\/schema.org","@graph":[{"@type":"WebPage","@id":"https:\/\/searchcreditsnow.com\/about\/","url":"https:\/\/searchcreditsnow.com\/about\/","name":"About - Search Credits Now","isPartOf":{"@id":"https:\/\/searchcreditsnow.com\/#website"},"datePublished":"2025-10-29T16:03:19+00:00","dateModified":"2025-10-29T16:03:19+00:00","breadcrumb":{"@id":"https:\/\/searchcreditsnow.com\/about\/#breadcrumb"},"inLanguage":"pt-BR","potentialAction":[{"@type":"ReadAction","target":["https:\/\/searchcreditsnow.com\/about\/"]}]},{"@type":"BreadcrumbList","@id":"https:\/\/searchcreditsnow.com\/about\/#breadcrumb","itemListElement":[{"@type":"ListItem","position":1,"name":"Home","item":"https:\/\/searchcreditsnow.com\/"},{"@type":"ListItem","position":2,"name":"About"}]},{"@type":"WebSite","@id":"https:\/\/searchcreditsnow.com\/#website","url":"https:\/\/searchcreditsnow.com\/","name":"Search Credits Now","description":"","publisher":{"@id":"https:\/\/searchcreditsnow.com\/#organization"},"potentialAction":[{"@type":"SearchAction","target":{"@type":"EntryPoint","urlTemplate":"https:\/\/searchcreditsnow.com\/?s={search_term_string}"},"query-input":"required name=search_term_string"}],"inLanguage":"pt-BR"},{"@type":"Organization","@id":"https:\/\/searchcreditsnow.com\/#organization","name":"Search Credits Now","url":"https:\/\/searchcreditsnow.com\/","logo":{"@type":"ImageObject","inLanguage":"pt-BR","@id":"https:\/\/searchcreditsnow.com\/#\/schema\/logo\/image\/","url":"https:\/\/searchcreditsnow.com\/wp-content\/uploads\/sites\/652\/2026\/03\/Search-Credit-Now.jpg","contentUrl":"https:\/\/searchcreditsnow.com\/wp-content\/uploads\/sites\/652\/2026\/03\/Search-Credit-Now.jpg","width":2000,"height":2000,"caption":"Search Credits Now"},"image":{"@id":"https:\/\/searchcreditsnow.com\/#\/schema\/logo\/image\/"}}]}},"_links":{"self":[{"href":"https:\/\/searchcreditsnow.com\/pt\/wp-json\/wp\/v2\/pages\/5"}],"collection":[{"href":"https:\/\/searchcreditsnow.com\/pt\/wp-json\/wp\/v2\/pages"}],"about":[{"href":"https:\/\/searchcreditsnow.com\/pt\/wp-json\/wp\/v2\/types\/page"}],"author":[{"embeddable":true,"href":"https:\/\/searchcreditsnow.com\/pt\/wp-json\/wp\/v2\/users\/96"}],"replies":[{"embeddable":true,"href":"https:\/\/searchcreditsnow.com\/pt\/wp-json\/wp\/v2\/comments?post=5"}],"version-history":[{"count":1,"href":"https:\/\/searchcreditsnow.com\/pt\/wp-json\/wp\/v2\/pages\/5\/revisions"}],"predecessor-version":[{"id":7,"href":"https:\/\/searchcreditsnow.com\/pt\/wp-json\/wp\/v2\/pages\/5\/revisions\/7"}],"wp:attachment":[{"href":"https:\/\/searchcreditsnow.com\/pt\/wp-json\/wp\/v2\/media?parent=5"}],"curies":[{"name":"wp","href":"https:\/\/api.w.org\/{rel}","templated":true}]}}