    {"id":5,"date":"2025-10-29T16:03:19","date_gmt":"2025-10-29T16:03:19","guid":{"rendered":"https:\/\/searchcreditsnow.com\/?page_id=5"},"modified":"2025-10-29T16:03:19","modified_gmt":"2025-10-29T16:03:19","slug":"about","status":"publish","type":"page","link":"https:\/\/searchcreditsnow.com\/pl\/about\/","title":{"rendered":"O"},"content":{"rendered":"<p><strong><br><\/strong><strong>Wiedza finansowa, kt\u00f3ra pomo\u017ce Ci i\u015b\u0107 naprz\u00f3d<\/strong><\/p>\n\n\n\n<p>Decyzje finansowe kszta\u0142tuj\u0105 wa\u017cne momenty w \u017cyciu, od otrzymania pierwszej karty kredytowej po budowanie stabilnej przysz\u0142o\u015bci finansowej. Jednak rzetelne informacje cz\u0119sto opakowane s\u0105 w niezrozumia\u0142e terminy, skomplikowane wymagania i niejasne has\u0142a marketingowe. Search Credits Now istnieje, aby\u015b nigdy nie czu\u0142 si\u0119 zagubiony w tym procesie.<\/p>\n\n\n\n<p>Wnosimy jasno\u015b\u0107 do \u015bwiata finans\u00f3w poprzez praktyczne artyku\u0142y, kt\u00f3re wyja\u015bniaj\u0105, jak dzia\u0142aj\u0105 r\u00f3\u017cne produkty, jakie korzy\u015bci s\u0105 istotne i gdzie mo\u017cna znale\u017a\u0107 oficjalne informacje. Zas\u0142ugujesz na mo\u017cliwo\u015b\u0107 por\u00f3wnania opcji, zrozumienia ryzyka i podj\u0119cia kolejnej decyzji z poczuciem wiedzy, a nie presji. Dlatego koncentrujemy si\u0119 na przyst\u0119pnych wyja\u015bnieniach, prawdziwych pytaniach konsument\u00f3w i informacjach, kt\u00f3re naprawd\u0119 chcesz pozna\u0107.<\/p>\n\n\n\n<p>Niezale\u017cnie od tego, czy chcesz zbudowa\u0107 swoj\u0105 histori\u0119 kredytow\u0105, czy po prostu szukasz inteligentniejszych sposob\u00f3w zarz\u0105dzania codziennymi finansami, naszym celem jest wsparcie tej nauki wiarygodnymi, rzetelnie opracowanymi tre\u015bciami.<\/p>\n\n\n\n<h2 class=\"wp-block-heading\">Nasze zobowi\u0105zanie wobec Ciebie<\/h2>\n\n\n\n<p>Powiniene\u015b czu\u0107 si\u0119 pewnie, a nie niepewnie, korzystaj\u0105c z narz\u0119dzi finansowych, a my powa\u017cnie traktujemy nasz\u0105 odpowiedzialno\u015b\u0107 za wspieranie Ci\u0119. Wszystko, co publikujemy w Search Credits Now, opiera si\u0119 na prostej filozofii: najpierw informuj, udzielaj odpowiedzialnego wsparcia i szanuj Twoj\u0105 niezale\u017cno\u015b\u0107.<\/p>\n\n\n\n<p>Nasz zesp\u00f3\u0142 sprawdza oficjalnych dostawc\u00f3w i publicznie dost\u0119pne dane, zanim cokolwiek trafi na stron\u0119 internetow\u0105. T\u0142umaczymy \u017cargon finansowy na j\u0119zyk potoczny i rozk\u0142adamy szczeg\u00f3\u0142y na czynniki pierwsze, aby\u015b wiedzia\u0142, co jest przydatne, na co zwr\u00f3ci\u0107 szczeg\u00f3ln\u0105 uwag\u0119 i jakie pytania zada\u0107. Zawsze b\u0119dziesz wiedzia\u0142, sk\u0105d pochodz\u0105 nasze informacje i zawsze b\u0119dziesz zach\u0119cany do sprawdzenia oficjalnych \u017ar\u00f3de\u0142 przed podj\u0119ciem jakichkolwiek dzia\u0142a\u0144.<\/p>\n\n\n\n<p>A co najwa\u017cniejsze, mo\u017cesz si\u0119 z nami skontaktowa\u0107 w dowolnym momencie. Opinie pomagaj\u0105 nam si\u0119 rozwija\u0107, szybko aktualizowa\u0107 tre\u015bci i lepiej rozumie\u0107, co jest najwa\u017cniejsze dla czytelnik\u00f3w takich jak Ty. Dziel\u0105c si\u0119 swoj\u0105 perspektyw\u0105, pomagasz nam kszta\u0142towa\u0107 platform\u0119 zbudowan\u0105 z my\u015bl\u0105 o prawdziwej ciekawo\u015bci finansowej.<\/p>\n\n\n\n<h2 class=\"wp-block-heading\">Co tu odkryjesz<\/h2>\n\n\n\n<p>Search Credits Now publikuje przejrzyste tre\u015bci z r\u00f3\u017cnych dziedzin finans\u00f3w osobistych. Ka\u017cdy temat ma na celu udzielenie odpowiedzi na konkretne pytania czytelnik\u00f3w takich jak Ty.<\/p>\n\n\n\n<p>Mo\u017cesz spodziewa\u0107 si\u0119 artyku\u0142\u00f3w na temat:<\/p>\n\n\n\n<p><strong>Karty kredytowe, limity i odpowiedzialne korzystanie<\/strong><\/p>\n\n\n\n<p>Omawiamy korzy\u015bci, takie jak zwrot got\u00f3wki i nagrody, a tak\u017ce op\u0142aty i wp\u0142yw na ocen\u0119 kredytow\u0105, pomagaj\u0105c Ci zrozumie\u0107, jak dzia\u0142a ka\u017cda karta, zanim z\u0142o\u017cysz wniosek.<\/p>\n\n\n\n<p><strong>Podstawy po\u017cyczek i finansowania<\/strong><\/p>\n\n\n\n<p>Od po\u017cyczek ratalnych po wsparcie w przypadku nieoczekiwanych wydatk\u00f3w \u2013 udost\u0119pniamy proste ramy umo\u017cliwiaj\u0105ce por\u00f3wnywanie opcji i dok\u0142adne zapoznanie si\u0119 z oficjalnymi warunkami.<\/p>\n\n\n\n<p><strong>Us\u0142ugi bankowe i narz\u0119dzia cyfrowe<\/strong><\/p>\n\n\n\n<p>Du\u017c\u0105 cz\u0119\u015b\u0107 naszego poradnika stanowi\u0105 funkcje bankowo\u015bci internetowej, wskaz\u00f3wki dotycz\u0105ce bezpiecze\u0144stwa i sposoby bardziej efektywnego zarz\u0105dzania pieni\u0119dzmi.<\/p>\n\n\n\n<p><strong>Wyniki oceny kredytowej i dobrobyt finansowy<\/strong><\/p>\n\n\n\n<p>Dowiesz si\u0119, dlaczego Tw\u00f3j wynik jest wa\u017cny, jak jest obliczany i jakie nawyki mog\u0105 pom\u00f3c w jego poprawie lub ochronie z czasem.<\/p>\n\n\n\n<p>Ka\u017cdy przewodnik koncentruje si\u0119 na faktach, \u015bwiadomo\u015bci konsument\u00f3w i zweryfikowanych szczeg\u00f3\u0142ach. Masz pe\u0142n\u0105 kontrol\u0119, maj\u0105c rzeteln\u0105 wiedz\u0119 na wyci\u0105gni\u0119cie r\u0119ki.<br><\/p>\n\n\n\n<h2 class=\"wp-block-heading\">Monetyzacja i przejrzysto\u015b\u0107<\/h2>\n\n\n\n<p>Us\u0142uga Search Credits Now pozostaje bezp\u0142atna i dost\u0119pna dla ka\u017cdego czytelnika, poniewa\u017c korzystamy z automatycznych system\u00f3w reklamowych, takich jak Google AdSense, aby pokry\u0107 koszty operacyjne. Utrzymywanie platformy z wysokiej jako\u015bci badaniami, tekstami i aktualizacjami wymaga zasob\u00f3w, a reklamy pomagaj\u0105 nam utrzyma\u0107 t\u0119 prac\u0119 bez pobierania op\u0142at.<\/p>\n\n\n\n<p>Te reklamy nigdy nie decyduj\u0105 o tym, co piszemy, kogo wspominamy ani jak skonstruowane s\u0105 nasze artyku\u0142y. Niezale\u017cno\u015b\u0107 redakcyjna jest u nas podstawowym standardem. Nie akceptujemy p\u0142atnych reklam, sponsorowanych promocji produkt\u00f3w ani wynagrodzenia w zamian za pozytywne recenzje. Mo\u017cesz by\u0107 pewien, \u017ce informacje pochodz\u0105 z bada\u0144, a nie od reklamodawc\u00f3w.<\/p>\n\n\n\n<p>Twoje dane przegl\u0105dania nigdy nie s\u0105 przez nas sprzedawane. Wszelkie targetowanie reklam odbywa si\u0119 za pomoc\u0105 zautomatyzowanych system\u00f3w pozostaj\u0105cych poza nasz\u0105 kontrol\u0105 i nie wp\u0142ywa na nasze decyzje redakcyjne.<\/p>\n\n\n\n<h2 class=\"wp-block-heading\">Zastrze\u017cenie prawne<\/h2>\n\n\n\n<p>Search Credits Now dzia\u0142a wy\u0142\u0105cznie jako portal informacyjny. Nie jeste\u015bmy instytucj\u0105 finansow\u0105, po\u017cyczkodawc\u0105, dostawc\u0105 kredyt\u00f3w, doradc\u0105 ani brokerem. Nie oferujemy produkt\u00f3w ani us\u0142ug finansowych i nie u\u0142atwiamy sk\u0142adania wniosk\u00f3w.<\/p>\n\n\n\n<p>Udost\u0119pniamy informacje publicznie dost\u0119pne z oficjalnych \u017ar\u00f3de\u0142, aby pom\u00f3c Ci zrozumie\u0107 dost\u0119pne opcje. Produkty jednak stale ewoluuj\u0105:<\/p>\n\n\n\n<p>Tytu\u0142y, pakiety, funkcje i warunki kwalifikowalno\u015bci mog\u0105 zosta\u0107 zmienione lub usuni\u0119te przez firmy za nie odpowiedzialne.<\/p>\n\n\n\n<p>Z tego powodu:<\/p>\n\n\n\n<ul>\n<li>Nie gwarantujemy ci\u0105g\u0142ej dost\u0119pno\u015bci, dok\u0142adno\u015bci ani kompletno\u015bci ofert zamieszczonych na naszej stronie internetowej.<\/li>\n\n\n\n<li>Nie ponosimy odpowiedzialno\u015bci za zmiany, usuni\u0119cia, aktualizacje cen ani modyfikacje polityki wprowadzane przez dostawc\u00f3w.<\/li>\n<\/ul>\n\n\n\n<p>Je\u015bli zauwa\u017cysz co\u015b nieaktualnego lub niejasnego, docenimy, je\u015bli czytelnicy si\u0119 z Tob\u0105 skontaktuj\u0105, aby\u015bmy mogli szybko zweryfikowa\u0107 i poprawi\u0107 informacje. Zas\u0142ugujesz na rzetelne wskaz\u00f3wki, a ci\u0105g\u0142e doskonalenie opiera si\u0119 na wsp\u00f3\u0142pracy z naszymi odbiorcami.<\/p>\n\n\n\n<h2 class=\"wp-block-heading\">Prawa autorskie i w\u0142asno\u015b\u0107 intelektualna<\/h2>\n\n\n\n<p>Wszystko, co zosta\u0142o stworzone i opublikowane przez Search Credits Now \u2013 nasze teksty, projekt i oryginalne elementy strony \u2013 jest chronione prawem autorskim. Zach\u0119camy do czytania, udost\u0119pniania link\u00f3w i cytowania naszych prac z odpowiednimi podzi\u0119kowaniami, ale powielanie lub rozpowszechnianie oryginalnych tre\u015bci bez zezwolenia jest zabronione.<\/p>\n\n\n\n<p>Szanujemy r\u00f3wnie\u017c prawa innych os\u00f3b. Loga, znaki towarowe, obrazy i nazwy marek wymienione w naszych tre\u015bciach nale\u017c\u0105 wy\u0142\u0105cznie do ich odpowiednich w\u0142a\u015bcicieli. Elementy stron trzecich, do kt\u00f3rych si\u0119 tu odwo\u0142ujemy, s\u0105 wykorzystywane wy\u0142\u0105cznie w celach informacyjnych, zgodnie ze standardami redakcyjnymi i zasadami dozwolonego u\u017cytku.<\/p>\n\n\n\n<p>Je\u017celi uwa\u017casz, \u017ce tre\u015b\u0107 w serwisie Search Credits Now narusza Twoje prawa w\u0142asno\u015bci intelektualnej, prosimy o kontakt: <a href=\"https:\/\/searchcreditsnow.com\/pl\/contact\/\">Skontaktuj si\u0119 z nami<\/a> aby\u015bmy mogli przeanalizowa\u0107 problem i szybko oraz z szacunkiem podj\u0105\u0107 dzia\u0142ania naprawcze.<\/p>\n\n\n\n<h2 class=\"wp-block-heading\">Pozostaj\u0105c wiernymi naszej misji<\/h2>\n\n\n\n<p>Finanse wp\u0142ywaj\u0105 na codzienne \u017cycie, od plan\u00f3w weekendowych po d\u0142ugoterminow\u0105 stabilno\u015b\u0107. Nasz\u0105 misj\u0105 jest sprawi\u0107, by informacje stoj\u0105ce za tymi decyzjami by\u0142y \u0142atwiejsze do zrozumienia, bardziej przejrzyste i zawsze w zasi\u0119gu r\u0119ki.<\/p>\n\n\n\n<p>Search Credits Now jest po to, by dawa\u0107 Ci wiedz\u0119, a nie presj\u0119. W ka\u017cdym publikowanym przez nas artykule staramy si\u0119 wspiera\u0107 odpowiedzialne podejmowanie decyzji i \u015bwiadomo\u015b\u0107 finansow\u0105, kt\u00f3ra z czasem ro\u015bnie. Doceniamy Twoje zaufanie i z niecierpliwo\u015bci\u0105 czekamy na mo\u017cliwo\u015b\u0107 bycia pomocnym uczestnikiem Twojej drogi do wiedzy finansowej.<\/p>","protected":false},"excerpt":{"rendered":"<p>Wiedza finansowa, kt\u00f3ra pomo\u017ce Ci i\u015b\u0107 naprz\u00f3d. Decyzje finansowe kszta\u0142tuj\u0105 wa\u017cne momenty w \u017cyciu, od otrzymania pierwszej karty kredytowej po budowanie stabilnej przysz\u0142o\u015bci finansowej. Jednak rzetelne informacje cz\u0119sto kryj\u0105 si\u0119 w niezrozumia\u0142ych terminach, skomplikowanych wymaganiach i niejasnych has\u0142ach marketingowych. Search Credits Now istnieje, aby\u015b nigdy nie czu\u0142 si\u0119 zagubiony w tym procesie. Oferujemy [\u2026]<\/p>","protected":false},"author":96,"featured_media":0,"parent":0,"menu_order":0,"comment_status":"closed","ping_status":"closed","template":"","meta":{"footnotes":""},"yoast_head":"<!-- This site is optimized with the Yoast SEO plugin v23.3 - https:\/\/yoast.com\/wordpress\/plugins\/seo\/ -->\n<title>About - Search Credits Now<\/title>\n<meta name=\"robots\" content=\"index, follow, max-snippet:-1, max-image-preview:large, max-video-preview:-1\" \/>\n<link rel=\"canonical\" href=\"https:\/\/searchcreditsnow.com\/pl\/about\/\" \/>\n<meta property=\"og:locale\" content=\"pl_PL\" \/>\n<meta property=\"og:type\" content=\"article\" \/>\n<meta property=\"og:title\" content=\"About - Search Credits Now\" \/>\n<meta property=\"og:description\" content=\"Financial Knowledge That Helps You Move Forward Money decisions shape major moments in life, from getting your first credit card to building a strong financial future. Yet reliable information often comes wrapped in confusing terms, complicated requirements, and unclear marketing claims. Search Credits Now exists so you never feel lost in that process. We bring [&hellip;]\" \/>\n<meta property=\"og:url\" content=\"https:\/\/searchcreditsnow.com\/pl\/about\/\" \/>\n<meta property=\"og:site_name\" content=\"Search Credits Now\" \/>\n<meta name=\"twitter:card\" content=\"summary_large_image\" \/>\n<meta name=\"twitter:label1\" content=\"Est. reading time\" \/>\n\t<meta name=\"twitter:data1\" content=\"5 minut\" \/>\n<script type=\"application\/ld+json\" class=\"yoast-schema-graph\">{\"@context\":\"https:\/\/schema.org\",\"@graph\":[{\"@type\":\"WebPage\",\"@id\":\"https:\/\/searchcreditsnow.com\/about\/\",\"url\":\"https:\/\/searchcreditsnow.com\/about\/\",\"name\":\"About - Search Credits Now\",\"isPartOf\":{\"@id\":\"https:\/\/searchcreditsnow.com\/#website\"},\"datePublished\":\"2025-10-29T16:03:19+00:00\",\"dateModified\":\"2025-10-29T16:03:19+00:00\",\"breadcrumb\":{\"@id\":\"https:\/\/searchcreditsnow.com\/about\/#breadcrumb\"},\"inLanguage\":\"pl-PL\",\"potentialAction\":[{\"@type\":\"ReadAction\",\"target\":[\"https:\/\/searchcreditsnow.com\/about\/\"]}]},{\"@type\":\"BreadcrumbList\",\"@id\":\"https:\/\/searchcreditsnow.com\/about\/#breadcrumb\",\"itemListElement\":[{\"@type\":\"ListItem\",\"position\":1,\"name\":\"Home\",\"item\":\"https:\/\/searchcreditsnow.com\/\"},{\"@type\":\"ListItem\",\"position\":2,\"name\":\"About\"}]},{\"@type\":\"WebSite\",\"@id\":\"https:\/\/searchcreditsnow.com\/#website\",\"url\":\"https:\/\/searchcreditsnow.com\/\",\"name\":\"Search Credits Now\",\"description\":\"\",\"publisher\":{\"@id\":\"https:\/\/searchcreditsnow.com\/#organization\"},\"potentialAction\":[{\"@type\":\"SearchAction\",\"target\":{\"@type\":\"EntryPoint\",\"urlTemplate\":\"https:\/\/searchcreditsnow.com\/?s={search_term_string}\"},\"query-input\":\"required name=search_term_string\"}],\"inLanguage\":\"pl-PL\"},{\"@type\":\"Organization\",\"@id\":\"https:\/\/searchcreditsnow.com\/#organization\",\"name\":\"Search Credits Now\",\"url\":\"https:\/\/searchcreditsnow.com\/\",\"logo\":{\"@type\":\"ImageObject\",\"inLanguage\":\"pl-PL\",\"@id\":\"https:\/\/searchcreditsnow.com\/#\/schema\/logo\/image\/\",\"url\":\"https:\/\/searchcreditsnow.com\/wp-content\/uploads\/sites\/652\/2026\/03\/Search-Credit-Now.jpg\",\"contentUrl\":\"https:\/\/searchcreditsnow.com\/wp-content\/uploads\/sites\/652\/2026\/03\/Search-Credit-Now.jpg\",\"width\":2000,\"height\":2000,\"caption\":\"Search Credits Now\"},\"image\":{\"@id\":\"https:\/\/searchcreditsnow.com\/#\/schema\/logo\/image\/\"}}]}<\/script>\n<!-- \/ Yoast SEO plugin. -->","yoast_head_json":{"title":"About - Search Credits Now","robots":{"index":"index","follow":"follow","max-snippet":"max-snippet:-1","max-image-preview":"max-image-preview:large","max-video-preview":"max-video-preview:-1"},"canonical":"https:\/\/searchcreditsnow.com\/pl\/about\/","og_locale":"pl_PL","og_type":"article","og_title":"About - Search Credits Now","og_description":"Financial Knowledge That Helps You Move Forward Money decisions shape major moments in life, from getting your first credit card to building a strong financial future. Yet reliable information often comes wrapped in confusing terms, complicated requirements, and unclear marketing claims. Search Credits Now exists so you never feel lost in that process. We bring [&hellip;]","og_url":"https:\/\/searchcreditsnow.com\/pl\/about\/","og_site_name":"Search Credits Now","twitter_card":"summary_large_image","twitter_misc":{"Est. reading time":"5 minut"},"schema":{"@context":"https:\/\/schema.org","@graph":[{"@type":"WebPage","@id":"https:\/\/searchcreditsnow.com\/about\/","url":"https:\/\/searchcreditsnow.com\/about\/","name":"About - Search Credits Now","isPartOf":{"@id":"https:\/\/searchcreditsnow.com\/#website"},"datePublished":"2025-10-29T16:03:19+00:00","dateModified":"2025-10-29T16:03:19+00:00","breadcrumb":{"@id":"https:\/\/searchcreditsnow.com\/about\/#breadcrumb"},"inLanguage":"pl-PL","potentialAction":[{"@type":"ReadAction","target":["https:\/\/searchcreditsnow.com\/about\/"]}]},{"@type":"BreadcrumbList","@id":"https:\/\/searchcreditsnow.com\/about\/#breadcrumb","itemListElement":[{"@type":"ListItem","position":1,"name":"Home","item":"https:\/\/searchcreditsnow.com\/"},{"@type":"ListItem","position":2,"name":"About"}]},{"@type":"WebSite","@id":"https:\/\/searchcreditsnow.com\/#website","url":"https:\/\/searchcreditsnow.com\/","name":"Search Credits Now","description":"","publisher":{"@id":"https:\/\/searchcreditsnow.com\/#organization"},"potentialAction":[{"@type":"SearchAction","target":{"@type":"EntryPoint","urlTemplate":"https:\/\/searchcreditsnow.com\/?s={search_term_string}"},"query-input":"required name=search_term_string"}],"inLanguage":"pl-PL"},{"@type":"Organization","@id":"https:\/\/searchcreditsnow.com\/#organization","name":"Search Credits Now","url":"https:\/\/searchcreditsnow.com\/","logo":{"@type":"ImageObject","inLanguage":"pl-PL","@id":"https:\/\/searchcreditsnow.com\/#\/schema\/logo\/image\/","url":"https:\/\/searchcreditsnow.com\/wp-content\/uploads\/sites\/652\/2026\/03\/Search-Credit-Now.jpg","contentUrl":"https:\/\/searchcreditsnow.com\/wp-content\/uploads\/sites\/652\/2026\/03\/Search-Credit-Now.jpg","width":2000,"height":2000,"caption":"Search Credits Now"},"image":{"@id":"https:\/\/searchcreditsnow.com\/#\/schema\/logo\/image\/"}}]}},"_links":{"self":[{"href":"https:\/\/searchcreditsnow.com\/pl\/wp-json\/wp\/v2\/pages\/5"}],"collection":[{"href":"https:\/\/searchcreditsnow.com\/pl\/wp-json\/wp\/v2\/pages"}],"about":[{"href":"https:\/\/searchcreditsnow.com\/pl\/wp-json\/wp\/v2\/types\/page"}],"author":[{"embeddable":true,"href":"https:\/\/searchcreditsnow.com\/pl\/wp-json\/wp\/v2\/users\/96"}],"replies":[{"embeddable":true,"href":"https:\/\/searchcreditsnow.com\/pl\/wp-json\/wp\/v2\/comments?post=5"}],"version-history":[{"count":1,"href":"https:\/\/searchcreditsnow.com\/pl\/wp-json\/wp\/v2\/pages\/5\/revisions"}],"predecessor-version":[{"id":7,"href":"https:\/\/searchcreditsnow.com\/pl\/wp-json\/wp\/v2\/pages\/5\/revisions\/7"}],"wp:attachment":[{"href":"https:\/\/searchcreditsnow.com\/pl\/wp-json\/wp\/v2\/media?parent=5"}],"curies":[{"name":"wp","href":"https:\/\/api.w.org\/{rel}","templated":true}]}}