    {"id":5,"date":"2025-10-29T16:03:19","date_gmt":"2025-10-29T16:03:19","guid":{"rendered":"https:\/\/searchcreditsnow.com\/?page_id=5"},"modified":"2025-10-29T16:03:19","modified_gmt":"2025-10-29T16:03:19","slug":"about","status":"publish","type":"page","link":"https:\/\/searchcreditsnow.com\/hu\/about\/","title":{"rendered":"K\u00f6r\u00fclbel\u00fcl"},"content":{"rendered":"<p><strong><br><\/strong><strong>P\u00e9nz\u00fcgyi ismeretek, amelyek seg\u00edtenek el\u0151rel\u00e9pni<\/strong><\/p>\n\n\n\n<p>A p\u00e9nz\u00fcgyi d\u00f6nt\u00e9sek meghat\u00e1roz\u00f3 pillanatokat alak\u00edtanak ki az \u00e9letben, az els\u0151 hitelk\u00e1rtya megszerz\u00e9s\u00e9t\u0151l kezdve az er\u0151s p\u00e9nz\u00fcgyi j\u00f6v\u0151 fel\u00e9p\u00edt\u00e9s\u00e9ig. A megb\u00edzhat\u00f3 inform\u00e1ci\u00f3k azonban gyakran zavaros kifejez\u00e9sek, bonyolult k\u00f6vetelm\u00e9nyek \u00e9s nem egy\u00e9rtelm\u0171 marketing\u00e1ll\u00edt\u00e1sok k\u00f6z\u00e9 vannak csomagolva. A Search Credits Now az\u00e9rt l\u00e9tezik, hogy soha ne \u00e9rezd magad elveszve ebben a folyamatban.<\/p>\n\n\n\n<p>Gyakorlati cikkekkel hozunk vil\u00e1gos k\u00e9pet a p\u00e9nz\u00fcgyi vil\u00e1gr\u00f3l, amelyek elmagyar\u00e1zz\u00e1k, hogyan m\u0171k\u00f6dnek a k\u00fcl\u00f6nb\u00f6z\u0151 term\u00e9kek, milyen el\u0151ny\u00f6k sz\u00e1m\u00edtanak, \u00e9s hol tal\u00e1lhat hivatalos inform\u00e1ci\u00f3kat. Meg\u00e9rdemli a lehet\u0151s\u00e9get, hogy \u00f6sszehasonl\u00edtsa a lehet\u0151s\u00e9geket, meg\u00e9rtse a kock\u00e1zatokat, \u00e9s a k\u00f6vetkez\u0151 d\u00f6nt\u00e9s\u00e9t t\u00e1j\u00e9kozottan, ne pedig nyom\u00e1s alatt hozhassa meg. Ez\u00e9rt \u00f6sszpontos\u00edtunk a k\u00f6z\u00e9rthet\u0151 magyar\u00e1zatokra, a val\u00f3s fogyaszt\u00f3i k\u00e9rd\u00e9sekre \u00e9s azokra az inform\u00e1ci\u00f3kra, amelyeket val\u00f3ban tudni szeretne.<\/p>\n\n\n\n<p>Ak\u00e1r a hitelk\u00e9pess\u00e9g \u00e9p\u00edt\u00e9s\u00e9re vagy egyszer\u0171en csak a mindennapi p\u00e9nz\u00fcgyek kezel\u00e9s\u00e9nek okosabb m\u00f3djaira v\u00e1gysz, c\u00e9lunk, hogy hiteles, j\u00f3l kutatott tartalommal t\u00e1mogassuk ezt a tanul\u00e1st.<\/p>\n\n\n\n<h2 class=\"wp-block-heading\">Elk\u00f6telezetts\u00e9g\u00fcnk \u00d6n ir\u00e1nt<\/h2>\n\n\n\n<p>Magabiztosnak \u2013 nem bizonytalannak \u2013 kell lennie, amikor p\u00e9nz\u00fcgyi eszk\u00f6z\u00f6ket fedez fel, \u00e9s mi komolyan vessz\u00fck a felel\u0151ss\u00e9g\u00fcnket, hogy t\u00e1mogassuk \u00d6nt. A Search Credits Now oldalon k\u00f6zz\u00e9tett \u00f6sszes tartalom egy egyszer\u0171 filoz\u00f3fi\u00e1t k\u00f6vet: el\u0151sz\u00f6r t\u00e1j\u00e9koztasson, felel\u0151ss\u00e9gteljesen ir\u00e1ny\u00edtson, \u00e9s tartsa tiszteletben az \u00d6n f\u00fcggetlens\u00e9g\u00e9t.<\/p>\n\n\n\n<p>Csapatunk hivatalos szolg\u00e1ltat\u00f3kat \u00e9s nyilv\u00e1nosan el\u00e9rhet\u0151 adatokat kutat, miel\u0151tt b\u00e1rmi is felker\u00fclne a weboldalra. A p\u00e9nz\u00fcgyi zsargont leford\u00edtjuk a mindennapi nyelvre, \u00e9s r\u00e9szleteket bontunk le, hogy meg\u00e9rthesd, mi hasznos, mit kell alaposan megfontolni, \u00e9s milyen k\u00e9rd\u00e9seket kell ezut\u00e1n feltenned. Mindig tudni fogod, honnan sz\u00e1rmaznak az inform\u00e1ci\u00f3ink, \u00e9s mindig arra biztatunk, hogy a cselekv\u00e9s el\u0151tt ellen\u0151rizd a hivatalos forr\u00e1sokat.<\/p>\n\n\n\n<p>A legjobb az eg\u00e9szben, hogy b\u00e1rmikor kapcsolatba l\u00e9phetsz vel\u00fcnk. A visszajelz\u00e9s seg\u00edt nek\u00fcnk a fejl\u0151d\u00e9sben, a tartalom gyors friss\u00edt\u00e9s\u00e9ben \u00e9s abban, hogy jobban meg\u00e9rts\u00fck, mi a legfontosabb az olyan olvas\u00f3k sz\u00e1m\u00e1ra, mint te. Amikor megosztod a n\u00e9z\u0151pontodat, seg\u00edtesz egy olyan platform kialak\u00edt\u00e1s\u00e1ban, amely a val\u00f3di p\u00e9nz\u00fcgyi k\u00edv\u00e1ncsis\u00e1gra \u00e9p\u00fcl.<\/p>\n\n\n\n<h2 class=\"wp-block-heading\">Amit itt felfedezhetsz<\/h2>\n\n\n\n<p>A Search Credits Now j\u00f3l struktur\u00e1lt tartalmakat tesz k\u00f6zz\u00e9 a szem\u00e9lyes p\u00e9nz\u00fcgyek k\u00fcl\u00f6nb\u00f6z\u0151 ter\u00fcletein. Minden t\u00e9ma c\u00e9lja, hogy megv\u00e1laszolja az \u00d6nh\u00f6z hasonl\u00f3 olvas\u00f3k val\u00f3s k\u00e9rd\u00e9seit.<\/p>\n\n\n\n<p>Cikkekre sz\u00e1m\u00edthatsz a k\u00f6vetkez\u0151 t\u00e9m\u00e1kban:<\/p>\n\n\n\n<p><strong>Hitelk\u00e1rty\u00e1k, limitek \u00e9s felel\u0151s haszn\u00e1lat<\/strong><\/p>\n\n\n\n<p>Olyan juttat\u00e1sokat is ismertet\u00fcnk, mint a p\u00e9nzvisszat\u00e9r\u00edt\u00e9s \u00e9s a jutalmak, valamint a d\u00edjakat \u00e9s a hitelmin\u0151s\u00edt\u00e9si vonatkoz\u00e1sokat, \u00edgy seg\u00edt\u00fcnk meg\u00e9rteni az egyes k\u00e1rty\u00e1k m\u0171k\u00f6d\u00e9s\u00e9t a jelentkez\u00e9s el\u0151tt.<\/p>\n\n\n\n<p><strong>K\u00f6lcs\u00f6n\u00f6k \u00e9s finansz\u00edroz\u00e1s alapjai<\/strong><\/p>\n\n\n\n<p>A r\u00e9szletfizet\u00e9si k\u00f6lcs\u00f6n\u00f6kt\u0151l a v\u00e1ratlan kiad\u00e1sok t\u00e1mogat\u00e1s\u00e1ig egyszer\u0171 kereteket biztos\u00edtunk a lehet\u0151s\u00e9gek \u00f6sszehasonl\u00edt\u00e1s\u00e1hoz \u00e9s a hivatalos felt\u00e9telek alapos elolvas\u00e1s\u00e1hoz.<\/p>\n\n\n\n<p><strong>Banki szolg\u00e1ltat\u00e1sok \u00e9s digit\u00e1lis eszk\u00f6z\u00f6k<\/strong><\/p>\n\n\n\n<p>\u00datmutat\u00e1saink fontos r\u00e9sz\u00e9t k\u00e9pezik az online banki funkci\u00f3k, a biztons\u00e1gi tippek \u00e9s a p\u00e9nz\u00fcgyek hat\u00e9konyabb kezel\u00e9s\u00e9nek m\u00f3djai.<\/p>\n\n\n\n<p><strong>Hitelmin\u0151s\u00edt\u00e9sek \u00e9s p\u00e9nz\u00fcgyi j\u00f3l\u00e9t<\/strong><\/p>\n\n\n\n<p>Megtudod, mi\u00e9rt fontos a pontsz\u00e1mod, hogyan sz\u00e1m\u00edtj\u00e1k ki, \u00e9s milyen szok\u00e1sok seg\u00edthetnek jav\u00edtani vagy meg\u0151rizni azt az id\u0151 m\u00fal\u00e1s\u00e1val.<\/p>\n\n\n\n<p>Minden \u00fatmutat\u00f3 a t\u00e9nyekre, a fogyaszt\u00f3i tudatoss\u00e1gra \u00e9s az ellen\u0151rz\u00f6tt r\u00e9szletekre \u00f6sszpontos\u00edt. \u00d6n tartja kez\u00e9ben az ir\u00e1ny\u00edt\u00e1st, mivel megb\u00edzhat\u00f3 ismeretek \u00e1llnak rendelkez\u00e9s\u00e9re.<br><\/p>\n\n\n\n<h2 class=\"wp-block-heading\">Monetiz\u00e1l\u00e1s \u00e9s \u00e1tl\u00e1that\u00f3s\u00e1g<\/h2>\n\n\n\n<p>A Search Credits Now tov\u00e1bbra is ingyenes \u00e9s el\u00e9rhet\u0151 minden olvas\u00f3 sz\u00e1m\u00e1ra, mivel automatiz\u00e1lt hirdet\u00e9si rendszereket, p\u00e9ld\u00e1ul a Google AdSense-t haszn\u00e1lunk m\u0171k\u00f6d\u00e9si k\u00f6lts\u00e9geink fedez\u00e9s\u00e9re. Egy min\u0151s\u00e9gi kutat\u00e1ssal, \u00edr\u00e1ssal \u00e9s friss\u00edt\u00e9sekkel rendelkez\u0151 platform \u00fczemeltet\u00e9se er\u0151forr\u00e1sokat ig\u00e9nyel, \u00e9s a hirdet\u00e9sek seg\u00edtenek nek\u00fcnk fenntartani ezt a munk\u00e1t an\u00e9lk\u00fcl, hogy d\u00edjat sz\u00e1m\u00edtan\u00e1nk fel \u00d6nnek.<\/p>\n\n\n\n<p>Ezek a hirdet\u00e9sek soha nem d\u00f6ntik el, hogy mit \u00edrunk, kit eml\u00edt\u00fcnk meg, vagy hogyan struktur\u00e1ljuk a cikkeinket. A szerkeszt\u0151i f\u00fcggetlens\u00e9g alapvet\u0151 k\u00f6vetelm\u00e9ny n\u00e1lunk. Nem fogadunk el fizetett megjelen\u00e9seket, szponzor\u00e1lt term\u00e9kprom\u00f3ci\u00f3kat vagy kompenz\u00e1ci\u00f3t a pozit\u00edv tud\u00f3s\u00edt\u00e1sok\u00e9rt cser\u00e9be. B\u00edzhat benne, hogy az inform\u00e1ci\u00f3k kutat\u00e1sokb\u00f3l sz\u00e1rmaznak \u2013 nem hirdet\u0151kt\u0151l.<\/p>\n\n\n\n<p>A b\u00f6ng\u00e9sz\u00e9si adataidat soha nem adjuk el. A hirdet\u00e9sek c\u00e9lz\u00e1s\u00e1t automatiz\u00e1lt rendszerek v\u00e9gzik, amelyek k\u00edv\u00fcl esnek az ellen\u0151rz\u00e9s\u00fcnk\u00f6n, \u00e9s nem befoly\u00e1solj\u00e1k szerkeszt\u0151i d\u00f6nt\u00e9seinket.<\/p>\n\n\n\n<h2 class=\"wp-block-heading\">Jogi nyilatkozat<\/h2>\n\n\n\n<p>A Search Credits Now puszt\u00e1n inform\u00e1ci\u00f3s port\u00e1lk\u00e9nt m\u0171k\u00f6dik. Nem vagyunk p\u00e9nzint\u00e9zet, hitelez\u0151, hitelny\u00fajt\u00f3, tan\u00e1csad\u00f3 vagy br\u00f3ker. Nem k\u00edn\u00e1lunk p\u00e9nz\u00fcgyi term\u00e9keket vagy szolg\u00e1ltat\u00e1sokat, \u00e9s nem seg\u00edt\u00fcnk el\u0151 a k\u00e9relmek beny\u00fajt\u00e1s\u00e1t.<\/p>\n\n\n\n<p>Megosztunk nyilv\u00e1nosan el\u00e9rhet\u0151 inform\u00e1ci\u00f3kat hivatalos forr\u00e1sokb\u00f3l, hogy seg\u00edts\u00fcnk meg\u00e9rteni, milyen lehet\u0151s\u00e9gek vannak. A term\u00e9kek azonban folyamatosan fejl\u0151dnek:<\/p>\n\n\n\n<p>A c\u00edmeket, csomagokat, funkci\u00f3kat \u00e9s jogosults\u00e1gi felt\u00e9teleket az \u00e9rt\u00fck felel\u0151s v\u00e1llalatok m\u00f3dos\u00edthatj\u00e1k vagy elt\u00e1vol\u00edthatj\u00e1k.<\/p>\n\n\n\n<p>Emiatt:<\/p>\n\n\n\n<ul>\n<li>Nem garant\u00e1ljuk a weboldalunkon tal\u00e1lhat\u00f3 hirdet\u00e9sek folyamatos el\u00e9rhet\u0151s\u00e9g\u00e9t, pontoss\u00e1g\u00e1t vagy teljess\u00e9g\u00e9t.<\/li>\n\n\n\n<li>Nem v\u00e1llalunk felel\u0151ss\u00e9get a szolg\u00e1ltat\u00f3k \u00e1ltal v\u00e9grehajtott v\u00e1ltoztat\u00e1sok\u00e9rt, elt\u00e1vol\u00edt\u00e1sok\u00e9rt, \u00e1rfriss\u00edt\u00e9sek\u00e9rt vagy szab\u00e1lyzatm\u00f3dos\u00edt\u00e1sok\u00e9rt.<\/li>\n<\/ul>\n\n\n\n<p>Ha valami elavult vagy nem egy\u00e9rtelm\u0171 inform\u00e1ci\u00f3t \u00e9szlel, nagyra \u00e9rt\u00e9kelj\u00fck, ha olvas\u00f3ink felveszik vel\u00fcnk a kapcsolatot, hogy mihamarabb \u00e1ttekinthess\u00fck \u00e9s kijav\u00edthassuk az inform\u00e1ci\u00f3kat. \u00d6n pontos \u00fatmutat\u00e1st \u00e9rdemel, \u00e9s a folyamatos fejleszt\u00e9sek a k\u00f6z\u00f6ns\u00e9g\u00fcnkkel val\u00f3 egy\u00fcttm\u0171k\u00f6d\u00e9sen alapulnak.<\/p>\n\n\n\n<h2 class=\"wp-block-heading\">Szerz\u0151i jog \u00e9s szellemi tulajdon<\/h2>\n\n\n\n<p>A Search Credits Now \u00e1ltal l\u00e9trehozott \u00e9s k\u00f6zz\u00e9tett minden tartalom \u2013 az \u00edr\u00e1saink, a designunk \u00e9s az eredeti oldalelemek \u2013 szerz\u0151i jogv\u00e9delem alatt \u00e1ll. Sz\u00edvesen olvashatod, megoszthatod a linkjeinket \u00e9s hivatkozhatsz munk\u00e1nkra a megfelel\u0151 hivatkoz\u00e1ssal, de az eredeti tartalom sokszoros\u00edt\u00e1sa vagy terjeszt\u00e9se enged\u00e9ly n\u00e9lk\u00fcl tilos.<\/p>\n\n\n\n<p>Tiszteletben tartjuk m\u00e1sok jogait is. A tartalmunkban eml\u00edtett log\u00f3k, v\u00e9djegyek, k\u00e9pek \u00e9s m\u00e1rkanevek kiz\u00e1r\u00f3lag a megfelel\u0151 tulajdonosokhoz tartoznak. Az itt hivatkozott harmadik f\u00e9lt\u0151l sz\u00e1rmaz\u00f3 elemeket kiz\u00e1r\u00f3lag t\u00e1j\u00e9koztat\u00e1si c\u00e9lokra haszn\u00e1ljuk fel, a szerkeszt\u0151i szabv\u00e1nyokkal \u00e9s a tisztess\u00e9ges felhaszn\u00e1l\u00e1s elveivel \u00f6sszhangban.<\/p>\n\n\n\n<p>Ha \u00fagy gondolja, hogy a Search Credits Now oldalon tal\u00e1lhat\u00f3 tartalom s\u00e9rti szellemi tulajdonjogait, k\u00e9rj\u00fck, <a href=\"https:\/\/searchcreditsnow.com\/hu\/contact\/\">Kapcsolat<\/a> hogy \u00e1ttekinthess\u00fck a probl\u00e9m\u00e1t, \u00e9s gyorsan, tiszteletteljesen megtehess\u00fck a korrekci\u00f3s int\u00e9zked\u00e9seket.<\/p>\n\n\n\n<h2 class=\"wp-block-heading\">H\u0171ek maradunk k\u00fcldet\u00e9s\u00fcnkh\u00f6z<\/h2>\n\n\n\n<p>A p\u00e9nz\u00fcgyek befoly\u00e1solj\u00e1k a mindennapi \u00e9letet, a h\u00e9tv\u00e9gi tervekt\u0151l a hossz\u00fa t\u00e1v\u00fa stabilit\u00e1sig. K\u00fcldet\u00e9s\u00fcnk, hogy a d\u00f6nt\u00e9sek m\u00f6g\u00f6tt megh\u00faz\u00f3d\u00f3 inform\u00e1ci\u00f3kat k\u00f6nnyebben \u00e9rthet\u0151v\u00e9, \u00e1tl\u00e1that\u00f3bb\u00e1 \u00e9s mindig el\u00e9rhet\u0151v\u00e9 tegy\u00fck.<\/p>\n\n\n\n<p>A Search Credits Now az\u00e9rt van itt, hogy tud\u00e1st adjon \u00e1t \u2013 soha ne nyom\u00e1s alatt. Minden egyes cikk\u00fcnkkel a felel\u0151s d\u00f6nt\u00e9shozatalt \u00e9s az id\u0151vel n\u00f6vekv\u0151 p\u00e9nz\u00fcgyi tudatoss\u00e1got k\u00edv\u00e1njuk t\u00e1mogatni. Nagyra \u00e9rt\u00e9kelj\u00fck bizalm\u00e1t, \u00e9s \u00f6r\u00f6mmel seg\u00edtj\u00fck p\u00e9nz\u00fcgyi tanul\u00e1si folyamat\u00e1t.<\/p>","protected":false},"excerpt":{"rendered":"<p>P\u00e9nz\u00fcgyi ismeretek, amelyek seg\u00edtenek el\u0151rel\u00e9pni A p\u00e9nz\u00fcgyi d\u00f6nt\u00e9sek meghat\u00e1roz\u00f3 pillanatokat jelentenek az \u00e9letben, az els\u0151 hitelk\u00e1rtya megszerz\u00e9s\u00e9t\u0151l kezdve az er\u0151s p\u00e9nz\u00fcgyi j\u00f6v\u0151 fel\u00e9p\u00edt\u00e9s\u00e9ig. A megb\u00edzhat\u00f3 inform\u00e1ci\u00f3k azonban gyakran zavaros kifejez\u00e9sek, bonyolult k\u00f6vetelm\u00e9nyek \u00e9s nem egy\u00e9rtelm\u0171 marketing\u00e1ll\u00edt\u00e1sok k\u00f6z\u00e9 vannak csomagolva. A Search Credits Now az\u00e9rt l\u00e9tezik, hogy soha ne \u00e9rezze mag\u00e1t elveszettnek ebben a folyamatban. Mi [\u2026]<\/p>","protected":false},"author":96,"featured_media":0,"parent":0,"menu_order":0,"comment_status":"closed","ping_status":"closed","template":"","meta":{"footnotes":""},"yoast_head":"<!-- This site is optimized with the Yoast SEO plugin v23.3 - https:\/\/yoast.com\/wordpress\/plugins\/seo\/ -->\n<title>About - Search Credits Now<\/title>\n<meta name=\"robots\" content=\"index, follow, max-snippet:-1, max-image-preview:large, max-video-preview:-1\" \/>\n<link rel=\"canonical\" href=\"https:\/\/searchcreditsnow.com\/hu\/about\/\" \/>\n<meta property=\"og:locale\" content=\"hu_HU\" \/>\n<meta property=\"og:type\" content=\"article\" \/>\n<meta property=\"og:title\" content=\"About - Search Credits Now\" \/>\n<meta property=\"og:description\" content=\"Financial Knowledge That Helps You Move Forward Money decisions shape major moments in life, from getting your first credit card to building a strong financial future. Yet reliable information often comes wrapped in confusing terms, complicated requirements, and unclear marketing claims. Search Credits Now exists so you never feel lost in that process. We bring [&hellip;]\" \/>\n<meta property=\"og:url\" content=\"https:\/\/searchcreditsnow.com\/hu\/about\/\" \/>\n<meta property=\"og:site_name\" content=\"Search Credits Now\" \/>\n<meta name=\"twitter:card\" content=\"summary_large_image\" \/>\n<meta name=\"twitter:label1\" content=\"Est. reading time\" \/>\n\t<meta name=\"twitter:data1\" content=\"5 perc\" \/>\n<script type=\"application\/ld+json\" class=\"yoast-schema-graph\">{\"@context\":\"https:\/\/schema.org\",\"@graph\":[{\"@type\":\"WebPage\",\"@id\":\"https:\/\/searchcreditsnow.com\/about\/\",\"url\":\"https:\/\/searchcreditsnow.com\/about\/\",\"name\":\"About - Search Credits Now\",\"isPartOf\":{\"@id\":\"https:\/\/searchcreditsnow.com\/#website\"},\"datePublished\":\"2025-10-29T16:03:19+00:00\",\"dateModified\":\"2025-10-29T16:03:19+00:00\",\"breadcrumb\":{\"@id\":\"https:\/\/searchcreditsnow.com\/about\/#breadcrumb\"},\"inLanguage\":\"hu\",\"potentialAction\":[{\"@type\":\"ReadAction\",\"target\":[\"https:\/\/searchcreditsnow.com\/about\/\"]}]},{\"@type\":\"BreadcrumbList\",\"@id\":\"https:\/\/searchcreditsnow.com\/about\/#breadcrumb\",\"itemListElement\":[{\"@type\":\"ListItem\",\"position\":1,\"name\":\"Home\",\"item\":\"https:\/\/searchcreditsnow.com\/\"},{\"@type\":\"ListItem\",\"position\":2,\"name\":\"About\"}]},{\"@type\":\"WebSite\",\"@id\":\"https:\/\/searchcreditsnow.com\/#website\",\"url\":\"https:\/\/searchcreditsnow.com\/\",\"name\":\"Search Credits Now\",\"description\":\"\",\"publisher\":{\"@id\":\"https:\/\/searchcreditsnow.com\/#organization\"},\"potentialAction\":[{\"@type\":\"SearchAction\",\"target\":{\"@type\":\"EntryPoint\",\"urlTemplate\":\"https:\/\/searchcreditsnow.com\/?s={search_term_string}\"},\"query-input\":\"required name=search_term_string\"}],\"inLanguage\":\"hu\"},{\"@type\":\"Organization\",\"@id\":\"https:\/\/searchcreditsnow.com\/#organization\",\"name\":\"Search Credits Now\",\"url\":\"https:\/\/searchcreditsnow.com\/\",\"logo\":{\"@type\":\"ImageObject\",\"inLanguage\":\"hu\",\"@id\":\"https:\/\/searchcreditsnow.com\/#\/schema\/logo\/image\/\",\"url\":\"https:\/\/searchcreditsnow.com\/wp-content\/uploads\/sites\/652\/2026\/03\/Search-Credit-Now.jpg\",\"contentUrl\":\"https:\/\/searchcreditsnow.com\/wp-content\/uploads\/sites\/652\/2026\/03\/Search-Credit-Now.jpg\",\"width\":2000,\"height\":2000,\"caption\":\"Search Credits Now\"},\"image\":{\"@id\":\"https:\/\/searchcreditsnow.com\/#\/schema\/logo\/image\/\"}}]}<\/script>\n<!-- \/ Yoast SEO plugin. -->","yoast_head_json":{"title":"About - Search Credits Now","robots":{"index":"index","follow":"follow","max-snippet":"max-snippet:-1","max-image-preview":"max-image-preview:large","max-video-preview":"max-video-preview:-1"},"canonical":"https:\/\/searchcreditsnow.com\/hu\/about\/","og_locale":"hu_HU","og_type":"article","og_title":"About - Search Credits Now","og_description":"Financial Knowledge That Helps You Move Forward Money decisions shape major moments in life, from getting your first credit card to building a strong financial future. Yet reliable information often comes wrapped in confusing terms, complicated requirements, and unclear marketing claims. Search Credits Now exists so you never feel lost in that process. We bring [&hellip;]","og_url":"https:\/\/searchcreditsnow.com\/hu\/about\/","og_site_name":"Search Credits Now","twitter_card":"summary_large_image","twitter_misc":{"Est. reading time":"5 perc"},"schema":{"@context":"https:\/\/schema.org","@graph":[{"@type":"WebPage","@id":"https:\/\/searchcreditsnow.com\/about\/","url":"https:\/\/searchcreditsnow.com\/about\/","name":"About - Search Credits Now","isPartOf":{"@id":"https:\/\/searchcreditsnow.com\/#website"},"datePublished":"2025-10-29T16:03:19+00:00","dateModified":"2025-10-29T16:03:19+00:00","breadcrumb":{"@id":"https:\/\/searchcreditsnow.com\/about\/#breadcrumb"},"inLanguage":"hu","potentialAction":[{"@type":"ReadAction","target":["https:\/\/searchcreditsnow.com\/about\/"]}]},{"@type":"BreadcrumbList","@id":"https:\/\/searchcreditsnow.com\/about\/#breadcrumb","itemListElement":[{"@type":"ListItem","position":1,"name":"Home","item":"https:\/\/searchcreditsnow.com\/"},{"@type":"ListItem","position":2,"name":"About"}]},{"@type":"WebSite","@id":"https:\/\/searchcreditsnow.com\/#website","url":"https:\/\/searchcreditsnow.com\/","name":"Search Credits Now","description":"","publisher":{"@id":"https:\/\/searchcreditsnow.com\/#organization"},"potentialAction":[{"@type":"SearchAction","target":{"@type":"EntryPoint","urlTemplate":"https:\/\/searchcreditsnow.com\/?s={search_term_string}"},"query-input":"required name=search_term_string"}],"inLanguage":"hu"},{"@type":"Organization","@id":"https:\/\/searchcreditsnow.com\/#organization","name":"Search Credits Now","url":"https:\/\/searchcreditsnow.com\/","logo":{"@type":"ImageObject","inLanguage":"hu","@id":"https:\/\/searchcreditsnow.com\/#\/schema\/logo\/image\/","url":"https:\/\/searchcreditsnow.com\/wp-content\/uploads\/sites\/652\/2026\/03\/Search-Credit-Now.jpg","contentUrl":"https:\/\/searchcreditsnow.com\/wp-content\/uploads\/sites\/652\/2026\/03\/Search-Credit-Now.jpg","width":2000,"height":2000,"caption":"Search Credits Now"},"image":{"@id":"https:\/\/searchcreditsnow.com\/#\/schema\/logo\/image\/"}}]}},"_links":{"self":[{"href":"https:\/\/searchcreditsnow.com\/hu\/wp-json\/wp\/v2\/pages\/5"}],"collection":[{"href":"https:\/\/searchcreditsnow.com\/hu\/wp-json\/wp\/v2\/pages"}],"about":[{"href":"https:\/\/searchcreditsnow.com\/hu\/wp-json\/wp\/v2\/types\/page"}],"author":[{"embeddable":true,"href":"https:\/\/searchcreditsnow.com\/hu\/wp-json\/wp\/v2\/users\/96"}],"replies":[{"embeddable":true,"href":"https:\/\/searchcreditsnow.com\/hu\/wp-json\/wp\/v2\/comments?post=5"}],"version-history":[{"count":1,"href":"https:\/\/searchcreditsnow.com\/hu\/wp-json\/wp\/v2\/pages\/5\/revisions"}],"predecessor-version":[{"id":7,"href":"https:\/\/searchcreditsnow.com\/hu\/wp-json\/wp\/v2\/pages\/5\/revisions\/7"}],"wp:attachment":[{"href":"https:\/\/searchcreditsnow.com\/hu\/wp-json\/wp\/v2\/media?parent=5"}],"curies":[{"name":"wp","href":"https:\/\/api.w.org\/{rel}","templated":true}]}}